{"id":590,"date":"2025-11-20T09:42:10","date_gmt":"2025-11-20T09:42:10","guid":{"rendered":"https:\/\/matematicas.epes.upm.es\/master\/?page_id=590"},"modified":"2026-03-04T19:03:04","modified_gmt":"2026-03-04T19:03:04","slug":"movilidad-2026-2027","status":"publish","type":"page","link":"https:\/\/matematicas.epes.upm.es\/master\/movilidad-2026-2027\/","title":{"rendered":"Movilidad 2026-2027"},"content":{"rendered":"\n<html lang=\"es\">\n<head>\n  <meta charset=\"UTF-8\" \/>\n  <title>Movilidad &#8211; Matem\u00e1ticas<\/title>\n  <style>\n    body {\n      font-family: sans-serif;\n      line-height: 1.6;\n      background-color: #fdfdfd;\n    }\n    .info-container {\n      border: 1px solid #ddd;\n      padding: 1em;\n      border-radius: 6px;\n      background-color: #fafafa;\n      margin-bottom: 1.5em;\n    }\n    h2 {\n      margin-top: 0;\n      color: #333;\n    }\n    h3 {\n      color: #444;\n      margin-top: 1.5em;\n      margin-bottom: 0.5em;\n      border-bottom: 1px solid #eee;\n      padding-bottom: 0.2em;\n    }\n    h4 {\n      margin-bottom: 0.5em;\n      color: #555;\n    }\n    .procedimiento {\n      background-color: #f9f3e7;\n      border: 1px solid #ccc;\n      padding: 0.2em 0.4em;\n      border-radius: 6px;\n    }\n    a {\n      color: #0066cc;\n      text-decoration: none;\n    }\n    a:hover {\n      text-decoration: underline;\n    }\n    ul {\n      margin-top: 0.5em;\n      padding-left: 1.5em;\n    }\n    li {\n      margin-bottom: 0.3em;\n    }\n  <\/style>\n<\/head>\n<body>\n<div class=\"info-container\">\n    \n\n\n    <h3>Programas de movilidad del M\u00e1ster en Matem\u00e1ticas Avanzadas<\/h3>\n    <p>\n      Aqu\u00ed podr\u00e1s encontrar toda la informaci\u00f3n de las plazas en los programas de movilidad que se ofrecen dentro del M\u00e1ster en Matem\u00e1ticas Avanzadas y la documentaci\u00f3n relacionada:\n    <\/p>\n    <ul>\n      <li>Normativa interna de movilidad: <a href=\"https:\/\/drive.upm.es\/s\/qQCxAgsP3kK9fHC\/download\">documento<\/a><\/li>\n\n      <li>Propuesta del alumno\/a: <a href=\"https:\/\/drive.upm.es\/s\/wtqiq8oC9igi7i3\/download\">documento<\/a><\/li>\n\n<li>Adjudicaci\u00f3n provisional: <a href=\"https:\/\/drive.upm.es\/s\/d6Ltf6skacns58J\/download\">documento<\/a><\/li>\n<li>Adjudicaci\u00f3n definitiva: <a href=\"https:\/\/drive.upm.es\/s\/pBWE5p97mFX8AD4\/download\">documento<\/a><\/li>\n    <\/ul>\n\n    <h3>Presentaci\u00f3n Programas de Movilidad<\/h3>\n    <p>\n      Ya se encuentra disponible la presentaci\u00f3n de los Programas de Movilidad para el nuevo curso. \n      Puedes descargar el documento aqu\u00ed:\n    <\/p>\n    <p>\n      <a href=\"https:\/\/drive.upm.es\/s\/ZmRQzzfDSDFjZWn\/download\" target=\"_blank\"><strong>Descargar presentaci\u00f3n Programas de Movilidad 2026-2027<\/strong><\/a>\n    <\/p>\n    \n    <h3>Contacto de la Responsable de Movilidad<\/h3>\n    <p><strong>Ana Soledad Mero\u00f1o Moreno<\/strong><\/p>\n    <p><strong>Tel\u00e9fono:<\/strong> +34 910 674 930<\/p>\n    <p><strong>Email:<\/strong> <a href=\"mailto:anasoledad.merono@upm.es\">anasoledad.merono@upm.es<\/a><\/p>\n\n  <\/div>\n<\/body>\n<\/html>\n","protected":false},"excerpt":{"rendered":"<p>Movilidad &#8211; Matem\u00e1ticas Programas de movilidad del M\u00e1ster en Matem\u00e1ticas Avanzadas Aqu\u00ed podr\u00e1s encontrar toda la informaci\u00f3n de las plazas en los programas de movilidad que se ofrecen dentro del M\u00e1ster en Matem\u00e1ticas Avanzadas y la documentaci\u00f3n relacionada: Normativa interna de movilidad: documento Propuesta del alumno\/a: documento Adjudicaci\u00f3n provisional: documento Adjudicaci\u00f3n definitiva: documento Presentaci\u00f3n Programas &hellip; <a href=\"https:\/\/matematicas.epes.upm.es\/master\/movilidad-2026-2027\/\">Continue reading <span class=\"meta-nav\">&rarr;<\/span><\/a><\/p>\n","protected":false},"author":1,"featured_media":0,"parent":0,"menu_order":0,"comment_status":"closed","ping_status":"closed","template":"template-full-width.php","meta":{"footnotes":""},"class_list":["post-590","page","type-page","status-publish","hentry"],"_links":{"self":[{"href":"https:\/\/matematicas.epes.upm.es\/master\/wp-json\/wp\/v2\/pages\/590","targetHints":{"allow":["GET"]}}],"collection":[{"href":"https:\/\/matematicas.epes.upm.es\/master\/wp-json\/wp\/v2\/pages"}],"about":[{"href":"https:\/\/matematicas.epes.upm.es\/master\/wp-json\/wp\/v2\/types\/page"}],"author":[{"embeddable":true,"href":"https:\/\/matematicas.epes.upm.es\/master\/wp-json\/wp\/v2\/users\/1"}],"replies":[{"embeddable":true,"href":"https:\/\/matematicas.epes.upm.es\/master\/wp-json\/wp\/v2\/comments?post=590"}],"version-history":[{"count":14,"href":"https:\/\/matematicas.epes.upm.es\/master\/wp-json\/wp\/v2\/pages\/590\/revisions"}],"predecessor-version":[{"id":675,"href":"https:\/\/matematicas.epes.upm.es\/master\/wp-json\/wp\/v2\/pages\/590\/revisions\/675"}],"wp:attachment":[{"href":"https:\/\/matematicas.epes.upm.es\/master\/wp-json\/wp\/v2\/media?parent=590"}],"curies":[{"name":"wp","href":"https:\/\/api.w.org\/{rel}","templated":true}]}}