{"id":300,"date":"2025-03-14T16:09:20","date_gmt":"2025-03-14T16:09:20","guid":{"rendered":"https:\/\/matematicas.epes.upm.es\/master\/?page_id=300"},"modified":"2025-06-20T12:25:30","modified_gmt":"2025-06-20T12:25:30","slug":"practicas-academicas-externas","status":"publish","type":"page","link":"https:\/\/matematicas.epes.upm.es\/master\/practicas-academicas-externas\/","title":{"rendered":"Pr\u00e1cticas Acad\u00e9micas Externas"},"content":{"rendered":"\n<html lang=\"en\">\n<head>\n  <meta charset=\"UTF-8\" \/>\n  <title>Pr\u00e1cticas Acad\u00e9micas Externas (PAE) &#8211; M\u00e1ster en Matem\u00e1ticas Avanzadas<\/title>\n  <style>\n    body {\n      font-family: sans-serif;\n      line-height: 1.6;\n      background-color: #fdfdfd;\n    }\n    .info-container {\n      border: 1px solid #ddd;\n      padding: 1em;\n      border-radius: 6px;\n      background-color: #fafafa;\n      margin-bottom: 1.5em;\n    }\n    \/* Titles in blue *\/\n    h2, h3 {\n      color: #003366; \/* A dark blue color for titles *\/\n      margin-top: 1.2em;\n    }\n    h2 {\n        margin-top: 0;\n    }\n    ul {\n        padding-left: 20px;\n    }\n    li {\n        margin-bottom: 0.5em;\n    }\n    a {\n        color: #005a9c;\n        text-decoration: none;\n    }\n    a:hover {\n        text-decoration: underline;\n    }\n  <\/style>\n<\/head>\n<body>\n\n  <div class=\"info-container\">\n    <h2>Pr\u00e1cticas Acad\u00e9micas Externas (PAE)<\/h2>\n    <p>\n        Las Pr\u00e1cticas Acad\u00e9micas Externas (PAE) constituyen una actividad formativa clave para complementar la formaci\u00f3n del estudiante del M\u00e1ster Universitario en Matem\u00e1ticas Avanzadas por la UPM. Su objetivo es facilitar la aplicaci\u00f3n pr\u00e1ctica de los conocimientos adquiridos, as\u00ed como la adquisici\u00f3n de competencias profesionales, transversales y t\u00e9cnicas propias del entorno acad\u00e9mico, cient\u00edfico o industrial.\n    <\/p>\n\n    <h3>Tipos de pr\u00e1cticas<\/h3>\n    <p>\n        En este m\u00e1ster se contemplan dos modalidades:\n    <\/p>\n    <ul>\n      <li>\n        <strong>Pr\u00e1cticas Curriculares:<\/strong> forman parte del plan de estudios como una asignatura optativa de 6 ECTS (equivalente a 162 horas de dedicaci\u00f3n). Estas pr\u00e1cticas deben estar directamente relacionadas con el \u00e1mbito del m\u00e1ster, y pueden realizarse en entidades externas p\u00fablicas o privadas, o bien en centros de investigaci\u00f3n y departamentos universitarios siempre que el proyecto formativo est\u00e9 alineado con los objetivos acad\u00e9micos del t\u00edtulo.\n      <\/li>\n      <li>\n        <strong>Pr\u00e1cticas Extracurriculares:<\/strong> son voluntarias, no computan como cr\u00e9ditos en el expediente acad\u00e9mico, pero tambi\u00e9n deben estar vinculadas a los perfiles de egreso del m\u00e1ster. A diferencia de las curriculares, solo pueden realizarse si el estudiante sigue matriculado y no ha solicitado el t\u00edtulo. Las pr\u00e1cticas extracurriculares deben estar remuneradas seg\u00fan las cuant\u00edas m\u00ednimas fijadas por la UPM. En general, <strong> no se permite la realizaci\u00f3n de pr\u00e1cticas extracurriculares en departamentos o centros de investigaci\u00f3n de la UPM<\/strong>, salvo en casos excepcionales vinculados a programas espec\u00edficos como los Retos EELISA.\n      <\/li>\n    <\/ul>\n     <p>\n        La suma de horas de pr\u00e1cticas (curriculares y extracurriculares) <strong>no puede superar las 900 horas durante el m\u00e1ster<\/strong>, de acuerdo con los l\u00edmites establecidos por la UPM para titulaciones de 60 ECTS.\n    <\/p>\n\n    <h3>Gesti\u00f3n y tramitaci\u00f3n<\/h3>\n    <p>\n        Todas las pr\u00e1cticas se gestionan a trav\u00e9s de la plataforma oficial de la UPM: <a href=\"https:\/\/practicas-externas.upm.es\" target=\"_blank\">https:\/\/practicas-externas.upm.es<\/a>. Para acceder al sistema, es necesario:\n    <\/p>\n    <ul>\n        <li>Estar matriculado en el m\u00e1ster.<\/li>\n        <li>Activar un perfil de estudiante en la plataforma.<\/li>\n        <li>Disponer de firma electr\u00f3nica.<\/li>\n    <\/ul>\n    <p>\n       La EPES, como centro responsable del t\u00edtulo, dispone de una <strong>Oficina de Pr\u00e1cticas Acad\u00e9micas Externas<\/strong> que supervisa el proceso, asesora al estudiantado y valida las propuestas. Los departamentos de matem\u00e1ticas de la UPM tambi\u00e9n pueden proponer pr\u00e1cticas, que se publican en la web o en el aula Moodle del m\u00e1ster. Algunas pr\u00e1cticas se ofertan con candidato\/a ya preseleccionado; otras se publican abiertas para que cualquier estudiante interesado pueda postularse.\n    <\/p>\n\n    <h3>Informaci\u00f3n adicional<\/h3>\n    <ul>\n        <li><strong>Contacto para consultas sobre PAE para alumnos del MUMAv:<\/strong> <a href=\"mailto:fj.devicente@upm.es\">fj.devicente@upm.es<\/a> <\/li>\n        <li><strong>Informaci\u00f3n relevante para el curso 2025-2026:<\/strong> (requisitos acad\u00e9micos de los estudiantes UPM; l\u00edmites de dedicaci\u00f3n horaria; cuant\u00edas m\u00ednimas a percibir durante el desarrollo de pr\u00e1cticas acad\u00e9micas externas extracurriculares, etc.): <a href=\"https:\/\/www.upm.es\/gsfs\/SFS17511\" target=\"_blank\">https:\/\/www.upm.es\/gsfs\/SFS17511<\/a> <\/li>\n        <li><strong>Normativa de las Pr\u00e1cticas Acad\u00e9micas Externas en la UPM:<\/strong> <a href=\"https:\/\/www.upm.es\/sfs\/Rectorado\/Vicerrectorado%20de%20Alumnos\/COIE\/NormativaCOIE.pdf\" target=\"_blank\">https:\/\/www.upm.es\/sfs\/Rectorado\/&#8230;\/NormativaCOIE.pdf<\/a> <\/li>\n        <li><strong>Portal de gesti\u00f3n de pr\u00e1cticas:<\/strong> <a href=\"https:\/\/practicas-externas.upm.es\/\" target=\"_blank\">https:\/\/practicas-externas.upm.es\/<\/a> <\/li>\n        <li><strong>Obtenci\u00f3n de firma electr\u00f3nica y uso de portafirmas UPM:<\/strong> <a href=\"https:\/\/practicas-externas.upm.es\/firma-como-usuario-invitado-en-portafirmas-upm\" target=\"_blank\">https:\/\/practicas-externas.upm.es\/firma-como-usuario&#8230;<\/a> <\/li>\n    <\/ul>\n  <\/div>\n\n<\/body>\n<\/html>\n","protected":false},"excerpt":{"rendered":"<p>Pr\u00e1cticas Acad\u00e9micas Externas (PAE) &#8211; M\u00e1ster en Matem\u00e1ticas Avanzadas Pr\u00e1cticas Acad\u00e9micas Externas (PAE) Las Pr\u00e1cticas Acad\u00e9micas Externas (PAE) constituyen una actividad formativa clave para complementar la formaci\u00f3n del estudiante del M\u00e1ster Universitario en Matem\u00e1ticas Avanzadas por la UPM. Su objetivo es facilitar la aplicaci\u00f3n pr\u00e1ctica de los conocimientos adquiridos, as\u00ed como la adquisici\u00f3n de competencias &hellip; <a href=\"https:\/\/matematicas.epes.upm.es\/master\/practicas-academicas-externas\/\">Continue reading <span class=\"meta-nav\">&rarr;<\/span><\/a><\/p>\n","protected":false},"author":1,"featured_media":0,"parent":0,"menu_order":0,"comment_status":"closed","ping_status":"closed","template":"template-full-width.php","meta":{"footnotes":""},"class_list":["post-300","page","type-page","status-publish","hentry"],"_links":{"self":[{"href":"https:\/\/matematicas.epes.upm.es\/master\/wp-json\/wp\/v2\/pages\/300","targetHints":{"allow":["GET"]}}],"collection":[{"href":"https:\/\/matematicas.epes.upm.es\/master\/wp-json\/wp\/v2\/pages"}],"about":[{"href":"https:\/\/matematicas.epes.upm.es\/master\/wp-json\/wp\/v2\/types\/page"}],"author":[{"embeddable":true,"href":"https:\/\/matematicas.epes.upm.es\/master\/wp-json\/wp\/v2\/users\/1"}],"replies":[{"embeddable":true,"href":"https:\/\/matematicas.epes.upm.es\/master\/wp-json\/wp\/v2\/comments?post=300"}],"version-history":[{"count":10,"href":"https:\/\/matematicas.epes.upm.es\/master\/wp-json\/wp\/v2\/pages\/300\/revisions"}],"predecessor-version":[{"id":449,"href":"https:\/\/matematicas.epes.upm.es\/master\/wp-json\/wp\/v2\/pages\/300\/revisions\/449"}],"wp:attachment":[{"href":"https:\/\/matematicas.epes.upm.es\/master\/wp-json\/wp\/v2\/media?parent=300"}],"curies":[{"name":"wp","href":"https:\/\/api.w.org\/{rel}","templated":true}]}}