{"id":166,"date":"2025-03-07T13:49:17","date_gmt":"2025-03-07T13:49:17","guid":{"rendered":"https:\/\/matematicas.epes.upm.es\/master\/?page_id=166"},"modified":"2025-04-09T14:15:33","modified_gmt":"2025-04-09T14:15:33","slug":"admision","status":"publish","type":"page","link":"https:\/\/matematicas.epes.upm.es\/master\/admision\/","title":{"rendered":"Proceso de Admisi\u00f3n"},"content":{"rendered":"\n<html lang=\"es\">\n<head>\n  <meta charset=\"UTF-8\" \/>\n  <style>\n    body {\n      font-family: sans-serif;\n      line-height: 1.6;\n      background-color: #fdfdfd;\n    }\n    .info-container {\n      border: 1px solid #ddd;\n      padding: 1em;\n      border-radius: 6px;\n      background-color: #fafafa;\n      margin-bottom: 1.5em;\n    }\n    h2 {\n      margin-top: 0;\n    }\n    .requisito {\n      background-color: #e7f3f9;\n      border: 1px solid #ccc;\n      padding: 0.2em 0.4em;\n      border-radius: 6px;\n    }\n    .procedimiento {\n      background-color: #f9f3e7;\n      border: 1px solid #ccc;\n      padding: 0.2em 0.4em;\n      border-radius: 6px;\n    }\n    a {\n      color: #0066cc;\n      text-decoration: none;\n    }\n    a:hover {\n      text-decoration: underline;\n    }\n  <\/style>\n<\/head>\n<body>\n  <div class=\"info-container\">\n    <p>\n      Puedes consultar los <strong> requisitos generales de admisi\u00f3n <\/strong> para los M\u00e1ster de la Universidad Polit\u00e9cnica de Madrid (t\u00edtulo de acceso, nivel de idiomas, etc.) y los detalles del proceso de admisi\u00f3n y posterior matriculaci\u00f3n en este <a href=\"https:\/\/www.upm.es\/Estudiantes\/Estudios_Titulaciones\/Estudios_Master\" target=\"_blank\">enlace<\/a>.\n      \n    <\/p>\n    <h3>Perfiles de Acceso<\/h3>\n    <p>Para el M\u00e1ster en Matem\u00e1ticas Avanzadas se prev\u00e9n los siguientes perfiles de acceso:<\/p>\n    <ul>\n      <li class=\"requisito\">\n        <strong>Perfil de acceso recomendado:<\/strong> candidatos\/as con una titulaci\u00f3n universitaria adscrita al \u00e1mbito de conocimiento de Matem\u00e1ticas y Estad\u00edstica, F\u00edsica y Astronom\u00eda, as\u00ed como la de Graduado\/a en Matem\u00e1ticas e Inform\u00e1tica o la de Graduado\/a en Applied Mathematics and Computing \/ Matem\u00e1tica Aplicada y Computaci\u00f3n, o an\u00e1logas. Para estos candidatos no se contempla el acceso con complementos formativos.\n      <\/li>\n      <li class=\"requisito\">\n        <strong>Otros perfiles de acceso:<\/strong> candidatos\/as en posesi\u00f3n de titulaciones universitarias con al menos 33 ECTS en asignaturas con contenidos en C\u00e1lculo, \u00c1lgebra, Estad\u00edstica, Ecuaciones Diferenciales y M\u00e9todos Num\u00e9ricos. Para estos\/as candidatos\/as se requerir\u00e1, adem\u00f1as, completar 12 ECTS de complementos formativos adicionales entre las siguientes asignaturas del <a href=\"https:\/\/matematicas.epes.upm.es\/ \" target=\"_blank\">GeM<\/a>:  Ecuaciones Diferenciales Ordinarias II, Ecuaciones diferenciales parciales, Ampliaci\u00f3n de ecuaciones diferenciales. C\u00e1lculo Num\u00e9rico II, M\u00e9todos num\u00e9ricos en ecuaciones derivadas parciales, Estad\u00edstica multivariante, Modelizaci\u00f3n de fen\u00f3menos estoc\u00e1sticos e Introducci\u00f3n a la ciencia de datos (ver las fichas de estas materias en la <a href=\"https:\/\/matematicas.epes.upm.es\/calidad\/memoria-del-grado\/\" target=\"_blank\">memoria de verificaci\u00f3n de ese t\u00edtulo<\/a>).    Las asignaturas espec\u00edficas que cursar ser\u00e1n determinadas por la Comisi\u00f3n Acad\u00e9mica del M\u00e1ster.\n      <\/li>\n    <\/ul>\n\n\n    \n    <h3>Selecci\u00f3n de Candidaturas<\/h3>\n    <p>\n      La Comisi\u00f3n Acad\u00e9mica del M\u00e1ster recibir\u00e1 la documentaci\u00f3n correspondiente a aquellos\/as candidatos\/as que cumplan los requisitos de acceso y proceder\u00e1 a decidir la admisi\u00f3n. Para ello, se otorgar\u00e1 a cada candidato\/a una puntuaci\u00f3n de 0 a 100 puntos de acuerdo con el siguiente baremo:\n    <\/p>\n    <ul>\n      <li class=\"requisito\">Titulaci\u00f3n de acceso (hasta 30 puntos).<\/li>\n      <li class=\"requisito\">Expediente acad\u00e9mico (hasta 50 puntos).<\/li>\n      <li class=\"requisito\">Carta de motivaci\u00f3n (hasta 10 puntos).<\/li>\n      <li class=\"requisito\">Otros m\u00e9ritos acad\u00e9micos (hasta 10 puntos).<\/li>\n    <\/ul>\n    <p>\n      En algunos casos, la Comisi\u00f3n podr\u00e1 realizar entrevistas personales para profundizar en la valoraci\u00f3n de las candidaturas.\n    <\/p>\n  <\/div>\n<\/body>\n<\/html>\n","protected":false},"excerpt":{"rendered":"<p>Puedes consultar los requisitos generales de admisi\u00f3n para los M\u00e1ster de la Universidad Polit\u00e9cnica de Madrid (t\u00edtulo de acceso, nivel de idiomas, etc.) y los detalles del proceso de admisi\u00f3n y posterior matriculaci\u00f3n en este enlace. Perfiles de Acceso Para el M\u00e1ster en Matem\u00e1ticas Avanzadas se prev\u00e9n los siguientes perfiles de acceso: Perfil de acceso &hellip; <a href=\"https:\/\/matematicas.epes.upm.es\/master\/admision\/\">Continue reading <span class=\"meta-nav\">&rarr;<\/span><\/a><\/p>\n","protected":false},"author":1,"featured_media":0,"parent":0,"menu_order":0,"comment_status":"closed","ping_status":"closed","template":"template-full-width.php","meta":{"footnotes":""},"class_list":["post-166","page","type-page","status-publish","hentry"],"_links":{"self":[{"href":"https:\/\/matematicas.epes.upm.es\/master\/wp-json\/wp\/v2\/pages\/166","targetHints":{"allow":["GET"]}}],"collection":[{"href":"https:\/\/matematicas.epes.upm.es\/master\/wp-json\/wp\/v2\/pages"}],"about":[{"href":"https:\/\/matematicas.epes.upm.es\/master\/wp-json\/wp\/v2\/types\/page"}],"author":[{"embeddable":true,"href":"https:\/\/matematicas.epes.upm.es\/master\/wp-json\/wp\/v2\/users\/1"}],"replies":[{"embeddable":true,"href":"https:\/\/matematicas.epes.upm.es\/master\/wp-json\/wp\/v2\/comments?post=166"}],"version-history":[{"count":16,"href":"https:\/\/matematicas.epes.upm.es\/master\/wp-json\/wp\/v2\/pages\/166\/revisions"}],"predecessor-version":[{"id":389,"href":"https:\/\/matematicas.epes.upm.es\/master\/wp-json\/wp\/v2\/pages\/166\/revisions\/389"}],"wp:attachment":[{"href":"https:\/\/matematicas.epes.upm.es\/master\/wp-json\/wp\/v2\/media?parent=166"}],"curies":[{"name":"wp","href":"https:\/\/api.w.org\/{rel}","templated":true}]}}