{"id":156,"date":"2025-03-07T13:34:01","date_gmt":"2025-03-07T13:34:01","guid":{"rendered":"https:\/\/matematicas.epes.upm.es\/master\/?page_id=156"},"modified":"2025-06-20T14:38:50","modified_gmt":"2025-06-20T14:38:50","slug":"contacto-2","status":"publish","type":"page","link":"https:\/\/matematicas.epes.upm.es\/master\/contacto-2\/","title":{"rendered":"Contactos"},"content":{"rendered":"\n<html lang=\"es\">\n<head>\n  <meta charset=\"UTF-8\" \/>\n  <title>Contacto del M\u00e1ster<\/title>\n  <style>\n    body {\n      font-family: sans-serif;\n      background-color: #fdfdfd;\n      color: #333;\n    }\n    .contact-card {\n      border: 1px solid #ddd;\n      border-radius: 6px;\n      padding: 1em;\n      margin-bottom: 1em;\n      background-color: #fafafa;\n    }\n    h2 {\n      margin-top: 0;\n    }\n    .contact-info {\n      margin-bottom: 0.5em;\n    }\n    .label {\n      font-weight: bold;\n    }\n  <\/style>\n<\/head>\n<body>\n  <h2>Contactos de inter\u00e9s<\/h2>\n  <div class=\"contact-card\">\n    <h3>Responsable del M\u00e1ster<\/h3>\n    <p class=\"contact-info\"><span class=\"label\">Nombre:<\/span> Carlos Castro Barbero<\/p>\n    <p class=\"contact-info\"><span class=\"label\">Tel\u00e9fono:<\/span> +34 91 067 44 12<\/p>\n    <p class=\"contact-info\"><span class=\"label\">Email:<\/span> <a href=\"mailto:carlos.castro@upm.es\">carlos.castro@upm.es<\/a><\/p>\n  <\/div>\n  <div class=\"contact-card\">\n    <h3>Responsable de Movilidad<\/h3>\n    <p class=\"contact-info\"><span class=\"label\">Nombre:<\/span> Ana Soledad Mero\u00f1o Moreno<\/p>\n    <p class=\"contact-info\"><span class=\"label\">Tel\u00e9fono:<\/span> +34 91 067 49 30<\/p>\n    <p class=\"contact-info\"><span class=\"label\">Email:<\/span> <a href=\"mailto:anasoledad.merono@upm.es\">anasoledad.merono@upm.es<\/a><\/p>\n  <\/div>\n\n  <div class=\"contact-card\">\n    <h3>Responsable de Pr\u00e1cticas Acad\u00e9micas<\/h3>\n    <p class=\"contact-info\"><span class=\"label\">Nombre:<\/span> Javier de Vicente Buend\u00eda<\/p>\n    <p class=\"contact-info\"><span class=\"label\">Tel\u00e9fono:<\/span> +34 91 067 58 37<\/p>\n    <p class=\"contact-info\"><span class=\"label\">Email:<\/span> <a href=\"mailto:fj.devicente@upm.es\">fj.devicente@upm.es<\/a><\/p>\n  <\/div>\n\n<\/body>\n<\/html>\n","protected":false},"excerpt":{"rendered":"<p>Contacto del M\u00e1ster Contactos de inter\u00e9s Responsable del M\u00e1ster Nombre: Carlos Castro Barbero Tel\u00e9fono: +34 91 067 44 12 Email: carlos.castro@upm.es Responsable de Movilidad Nombre: Ana Soledad Mero\u00f1o Moreno Tel\u00e9fono: +34 91 067 49 30 Email: anasoledad.merono@upm.es Responsable de Pr\u00e1cticas Acad\u00e9micas Nombre: Javier de Vicente Buend\u00eda Tel\u00e9fono: +34 91 067 58 37 Email: fj.devicente@upm.es<\/p>\n","protected":false},"author":1,"featured_media":0,"parent":0,"menu_order":0,"comment_status":"closed","ping_status":"closed","template":"template-full-width.php","meta":{"footnotes":""},"class_list":["post-156","page","type-page","status-publish","hentry"],"_links":{"self":[{"href":"https:\/\/matematicas.epes.upm.es\/master\/wp-json\/wp\/v2\/pages\/156","targetHints":{"allow":["GET"]}}],"collection":[{"href":"https:\/\/matematicas.epes.upm.es\/master\/wp-json\/wp\/v2\/pages"}],"about":[{"href":"https:\/\/matematicas.epes.upm.es\/master\/wp-json\/wp\/v2\/types\/page"}],"author":[{"embeddable":true,"href":"https:\/\/matematicas.epes.upm.es\/master\/wp-json\/wp\/v2\/users\/1"}],"replies":[{"embeddable":true,"href":"https:\/\/matematicas.epes.upm.es\/master\/wp-json\/wp\/v2\/comments?post=156"}],"version-history":[{"count":8,"href":"https:\/\/matematicas.epes.upm.es\/master\/wp-json\/wp\/v2\/pages\/156\/revisions"}],"predecessor-version":[{"id":472,"href":"https:\/\/matematicas.epes.upm.es\/master\/wp-json\/wp\/v2\/pages\/156\/revisions\/472"}],"wp:attachment":[{"href":"https:\/\/matematicas.epes.upm.es\/master\/wp-json\/wp\/v2\/media?parent=156"}],"curies":[{"name":"wp","href":"https:\/\/api.w.org\/{rel}","templated":true}]}}