{"id":141,"date":"2025-03-07T13:24:03","date_gmt":"2025-03-07T13:24:03","guid":{"rendered":"https:\/\/matematicas.epes.upm.es\/master\/?page_id=141"},"modified":"2025-07-31T13:32:20","modified_gmt":"2025-07-31T13:32:20","slug":"contacto","status":"publish","type":"page","link":"https:\/\/matematicas.epes.upm.es\/master\/contacto\/","title":{"rendered":"Ubicaci\u00f3n"},"content":{"rendered":"\n<html lang=\"es\">\n<head>\n  <meta charset=\"UTF-8\" \/>\n  <title>Ubicaci\u00f3n del M\u00e1ster<\/title>\n  <style>\n    body {\n      font-family: sans-serif;\n      line-height: 1.6;\n      background-color: #fdfdfd;\n    }\n    .info-container {\n      border: 1px solid #ddd;\n      padding: 1em;\n      border-radius: 6px;\n      background-color: #fafafa;\n      margin-bottom: 1.5em;\n    }\n    .map-container {\n      text-align: center;\n    }\n    iframe {\n      max-width: 100%;\n      border: 0;\n    }\n  <\/style>\n<\/head>\n<body>\n  <h2>Ubicaci\u00f3n de la Docencia del M\u00e1ster<\/h2>\n  <div class=\"info-container\">\n    <p>\n      La docencia del m\u00e1ster se imparte en el Aulario D, concretamente en las<strong> aulas A4 y A5 <\/strong> de la <strong>ETS de Ingenier\u00eda Agron\u00f3mica, Alimentaria y de Biosistemas<\/strong>, situada al lado del metro Ciudad Universitaria. <a href=\"https:\/\/www.etsiaab.upm.es\/Centro\/InstalacionesdelCentro?id=CON08887&#038;fmt=detail&#038;prefmt=articulo\" target=\"_blank\">Aqu\u00ed<\/a> puedes consultar un mapa del edificio y debajo puedes ver la localizaci\u00f3n del mismo en el campus.\n    <\/p>\n    <div class=\"map-container\">\n  \n  <!-- The following iframe embeds the Google Map for the specified location -->\n  <iframe \n    src=\"https:\/\/www.google.com\/maps\/embed?pb=!1m18!1m12!1m3!1d3038.5505273914303!2d-3.7298007!3d40.4431294!2m3!1f0!2f0!3f0!3m2!1i1024!2i768!4f13.1!3m3!1m2!1s0xd422830afb3a5b3%3A0xd985d5cc6de9a844!2sC.%20del%20Arquitecto%20L%C3%B3pez%20Otero%2C%203%2C%2028040%20Madrid!5e0!3m2!1sen!2ses!4v1614608947867\" \n    width=\"600\" \n    height=\"450\" \n    style=\"border:0;\" \n    allowfullscreen=\"\" \n    loading=\"lazy\">\n  <\/iframe>\n    <\/div>\n  <\/div>\n<\/body>\n<\/html>\n","protected":false},"excerpt":{"rendered":"<p>Ubicaci\u00f3n del M\u00e1ster Ubicaci\u00f3n de la Docencia del M\u00e1ster La docencia del m\u00e1ster se imparte en el Aulario D, concretamente en las aulas A4 y A5 de la ETS de Ingenier\u00eda Agron\u00f3mica, Alimentaria y de Biosistemas, situada al lado del metro Ciudad Universitaria. Aqu\u00ed puedes consultar un mapa del edificio y debajo puedes ver la &hellip; <a href=\"https:\/\/matematicas.epes.upm.es\/master\/contacto\/\">Continue reading <span class=\"meta-nav\">&rarr;<\/span><\/a><\/p>\n","protected":false},"author":1,"featured_media":0,"parent":0,"menu_order":0,"comment_status":"closed","ping_status":"closed","template":"template-full-width.php","meta":{"footnotes":""},"class_list":["post-141","page","type-page","status-publish","hentry"],"_links":{"self":[{"href":"https:\/\/matematicas.epes.upm.es\/master\/wp-json\/wp\/v2\/pages\/141","targetHints":{"allow":["GET"]}}],"collection":[{"href":"https:\/\/matematicas.epes.upm.es\/master\/wp-json\/wp\/v2\/pages"}],"about":[{"href":"https:\/\/matematicas.epes.upm.es\/master\/wp-json\/wp\/v2\/types\/page"}],"author":[{"embeddable":true,"href":"https:\/\/matematicas.epes.upm.es\/master\/wp-json\/wp\/v2\/users\/1"}],"replies":[{"embeddable":true,"href":"https:\/\/matematicas.epes.upm.es\/master\/wp-json\/wp\/v2\/comments?post=141"}],"version-history":[{"count":12,"href":"https:\/\/matematicas.epes.upm.es\/master\/wp-json\/wp\/v2\/pages\/141\/revisions"}],"predecessor-version":[{"id":537,"href":"https:\/\/matematicas.epes.upm.es\/master\/wp-json\/wp\/v2\/pages\/141\/revisions\/537"}],"wp:attachment":[{"href":"https:\/\/matematicas.epes.upm.es\/master\/wp-json\/wp\/v2\/media?parent=141"}],"curies":[{"name":"wp","href":"https:\/\/api.w.org\/{rel}","templated":true}]}}